
{"id":2062,"date":"2024-05-16T08:29:28","date_gmt":"2024-05-16T06:29:28","guid":{"rendered":"https:\/\/www.groupe-ora.com\/nos-engagements\/"},"modified":"2026-03-16T15:45:18","modified_gmt":"2026-03-16T14:45:18","slug":"nos-engagements","status":"publish","type":"page","link":"https:\/\/www.groupe-ora.com\/fr\/nos-engagements\/","title":{"rendered":"Nos engagements"},"content":{"rendered":"                <div  class=\"ora-bloc ora-bloc-title-bleu-subtitle-text\">\n                            <div class=\"container\">\n                <div class=\"row justify-content-center bloc-content\">\n                    <div class=\"col-11 col-lg-10\">\n                        Nos engagements                    <\/div>\n                <\/div>\n\n                <div class=\"row justify-content-center bloc-subtitle-content\">\n                    <div class=\"col-11 col-lg-10\">\n                        Une intelligence collective de penseurs, de cr\u00e9ateurs et d&#8217;artisans, conscients et engag\u00e9s                    <\/div>\n                <\/div>\n                                    <div class=\"row justify-content-center bloc-text-content\">\n                        <div class=\"col-11 col-lg-8\">\n                            <p>L&#8217;engagement responsable est la pierre angulaire de notre strat\u00e9gie de d\u00e9veloppement et de notre vision depuis 20 ans.<\/p>\n<p>Convaincus que la transformation durable de nos mod\u00e8les est un d\u00e9fi syst\u00e9mique et ontologique, nous avons construit, ann\u00e9e apr\u00e8s ann\u00e9e, un v\u00e9ritable \u00e9cosyst\u00e8me vivant, intersectionnel et collaboratif.<\/p>\n<p>Cela nous permet de placer l&#8217;\u00e9co-socio-conception au c\u0153ur de notre organisation : de la premi\u00e8re \u00e9tape d&#8217;un projet \u00e0 sa fin de vie.<\/p>\n<p>Nous d\u00e9construisons les codes \u00e9tablis, reprogrammons les esprits, imaginons de nouveaux imaginaires et cr\u00e9ons les mod\u00e8les d\u00e9sirables de demain.<\/p>\n<p>Nous soutenons les marques responsables et convainquons les autres.<\/p>\n                        <\/div>\n                    <\/div>\n                    <\/div>\n                                    <\/div>\n    \n\n                <div  class=\"ora-bloc ora-bloc-title-bleu\">\n                            <div class=\"container\">\n                    <div class=\"row justify-content-center bloc-content\">\n                        <div class=\"col-11 col-lg-10\">\n                            Nos certifications                        <\/div>\n                    <\/div>\n                <\/div>\n                    <\/div>\n    \n\n                            <div  class=\"container-fluid ora-bloc ora-block-jobs\">\n\n                <div class=\"ora-block-jobs-content row align-content-center\">\n\n                    <div class=\"column-content w-100\">\n\n                        <div class=\"row\">\n                            <div class=\"col-12\">\n                                <div class=\"jobs-offer-container\">\n\n\n                                                                            <div class=\"job-item\">\n                                            <div class=\"job-image\">\n                                                <img decoding=\"async\" src=\"https:\/\/www.groupe-ora.com\/app\/uploads\/2024\/11\/2noun-forest-6727831.png\" alt=\"\" \/>\n                                            <\/div>\n                                            <div class=\"job-item-content\">\n                                                <div class=\"job-item-title\">\n                                                    D\u00e9claration d&#8217;Engagement PEFC                                                <\/div>\n                                                <div class=\"job-item-text-content\">\n                                                    <p class=\"p2\">En tant qu&#8217;organisation engag\u00e9e dans une gestion durable et responsable des ressources foresti\u00e8res, nous souscrivons aux principes et aux exigences du Programme de Reconnaissance des Certifications Foresti\u00e8res (PEFC).<\/p>\n                                                <\/div>\n                                                                                                    <div class=\"job-item-link\">\n                                                        <a href=\"https:\/\/www.groupe-ora.com\/app\/uploads\/2024\/11\/GB-declaration-engagement-PEFC_SIGNeTDM_20241112.jpg\" target=\"_blank\" class=\"button-secondary\">\n                                                            Voir plus                                                        <\/a>\n                                                    <\/div>\n                                                                                            <\/div>\n                                        <\/div>\n                                                                            <div class=\"job-item\">\n                                            <div class=\"job-image\">\n                                                <img decoding=\"async\" src=\"https:\/\/www.groupe-ora.com\/app\/uploads\/2025\/05\/Noun-forest-FSC-1.png\" alt=\"\" \/>\n                                            <\/div>\n                                            <div class=\"job-item-content\">\n                                                <div class=\"job-item-title\">\n                                                    D\u00e9claration d\u2019Engagement FSC\u00ae                                                <\/div>\n                                                <div class=\"job-item-text-content\">\n                                                    <p>Certifi\u00e9e FSC (FSC-C166675), notre organisation soutient une gestion foresti\u00e8re \u00e9cologiquement adapt\u00e9e, socialement b\u00e9n\u00e9fique et \u00e9conomiquement viable des for\u00eats de la plan\u00e8te, et nous nous engageons \u00e0 promouvoir l\u2019usage de mat\u00e9riaux certifi\u00e9s FSC au sein de nos activit\u00e9s.<\/p>\n                                                <\/div>\n                                                                                                    <div class=\"job-item-link\">\n                                                        <a href=\"https:\/\/www.groupe-ora.com\/app\/uploads\/2025\/05\/1.5.-DECLARATION-DE-POLITIQUES-ORA-SIGNeTDM_20250429.pdf\" target=\"_blank\" class=\"button-secondary\">\n                                                            Voir plus                                                        <\/a>\n                                                    <\/div>\n                                                                                            <\/div>\n                                        <\/div>\n                                                                            <div class=\"job-item\">\n                                            <div class=\"job-image\">\n                                                <img decoding=\"async\" src=\"https:\/\/www.groupe-ora.com\/app\/uploads\/2025\/06\/Noun-Politique-environnementale-1.png\" alt=\"\" \/>\n                                            <\/div>\n                                            <div class=\"job-item-content\">\n                                                <div class=\"job-item-title\">\n                                                    Politique environnementale                                                <\/div>\n                                                <div class=\"job-item-text-content\">\n                                                    <p>Engag\u00e9 dans la r\u00e9duction de son empreinte \u00e9cologique, le Groupe ORA place la pr\u00e9servation de l\u2019environnement au c\u0153ur de ses activit\u00e9s et de sa cha\u00eene de valeur.<\/p>\n                                                <\/div>\n                                                                                                    <div class=\"job-item-link\">\n                                                        <a href=\"https:\/\/www.groupe-ora.com\/app\/uploads\/2025\/06\/5.2.-Politique-environnementale-ORA-simplifiee-2025-SIGNeTDMCDH_20250613.pdf\" target=\"_blank\" class=\"button-secondary\">\n                                                            Voir plus                                                        <\/a>\n                                                    <\/div>\n                                                                                            <\/div>\n                                        <\/div>\n                                                                            <div class=\"job-item\">\n                                            <div class=\"job-image\">\n                                                <img decoding=\"async\" src=\"https:\/\/www.groupe-ora.com\/app\/uploads\/2026\/03\/RSE.png\" alt=\"\" \/>\n                                            <\/div>\n                                            <div class=\"job-item-content\">\n                                                <div class=\"job-item-title\">\n                                                    Rapport RSE                                                <\/div>\n                                                <div class=\"job-item-text-content\">\n                                                    <p>Engag\u00e9 dans une d\u00e9marche de responsabilit\u00e9 soci\u00e9tale, le Groupe ORA pr\u00e9sente son rapport RSE, qui rend compte de ses engagements, de ses actions et des progr\u00e8s r\u00e9alis\u00e9s en mati\u00e8re d\u2019environnement, d\u2019impact social et de gouvernance.<\/p>\n                                                <\/div>\n                                                                                                    <div class=\"job-item-link\">\n                                                        <a href=\"https:\/\/www.groupe-ora.com\/app\/uploads\/2026\/03\/ORA-Rapport-ESG-2023-2024_SD.pdf\" target=\"_blank\" class=\"button-secondary\">\n                                                            Voir plus                                                        <\/a>\n                                                    <\/div>\n                                                                                            <\/div>\n                                        <\/div>\n                                    \n                                <\/div>\n                            <\/div>\n                        <\/div>\n\n                    <\/div>\n                <\/div>\n            <\/div>\n\n            <script type=\"text\/javascript\">\n                jQuery(document).ready(function ($) {\n                    $ = jQuery;\n\n                    $('.jobs-offer-container').flickity({\n                        \/\/ options\n                        contain : true,\n                        cellAlign: 'left',\n                        freeScroll: true,\n                        wrapAround: false\n                    });\n                });\n\n            <\/script>\n\n            ","protected":false},"excerpt":{"rendered":"","protected":false},"author":1,"featured_media":0,"parent":0,"menu_order":0,"comment_status":"closed","ping_status":"closed","template":"","meta":{"_acf_changed":false,"inline_featured_image":false,"footnotes":""},"class_list":["post-2062","page","type-page","status-publish","hentry"],"acf":[],"yoast_head":"<!-- This site is optimized with the Yoast SEO plugin v23.6 - https:\/\/yoast.com\/wordpress\/plugins\/seo\/ -->\n<title>Nos engagements - ELBA becomes ORA Group<\/title>\n<meta name=\"description\" content=\"Ensemble, ouvrons la voie \u00e0 de nouveaux mod\u00e8les avant-gardistes et responsables. D\u00e9couvrez nos certifications et nos engagements en mati\u00e8re de commerce \u00e9quitable.\" \/>\n<meta name=\"robots\" content=\"index, follow, max-snippet:-1, max-image-preview:large, max-video-preview:-1\" \/>\n<link rel=\"canonical\" href=\"https:\/\/www.groupe-ora.com\/fr\/nos-engagements\/\" \/>\n<meta property=\"og:locale\" content=\"fr_FR\" \/>\n<meta property=\"og:type\" content=\"article\" \/>\n<meta property=\"og:title\" content=\"Nos engagements - ELBA becomes ORA Group\" \/>\n<meta property=\"og:description\" content=\"Ensemble, ouvrons la voie \u00e0 de nouveaux mod\u00e8les avant-gardistes et responsables. D\u00e9couvrez nos certifications et nos engagements en mati\u00e8re de commerce \u00e9quitable.\" \/>\n<meta property=\"og:url\" content=\"https:\/\/www.groupe-ora.com\/fr\/nos-engagements\/\" \/>\n<meta property=\"og:site_name\" content=\"ELBA becomes ORA Group\" \/>\n<meta property=\"article:modified_time\" content=\"2026-03-16T14:45:18+00:00\" \/>\n<meta property=\"og:image\" content=\"https:\/\/www.groupe-ora.com\/app\/uploads\/2024\/10\/ora-logo.jpg\" \/>\n\t<meta property=\"og:image:width\" content=\"1200\" \/>\n\t<meta property=\"og:image:height\" content=\"657\" \/>\n\t<meta property=\"og:image:type\" content=\"image\/jpeg\" \/>\n<meta name=\"twitter:card\" content=\"summary_large_image\" \/>\n<script type=\"application\/ld+json\" class=\"yoast-schema-graph\">{\"@context\":\"https:\/\/schema.org\",\"@graph\":[{\"@type\":\"WebPage\",\"@id\":\"https:\/\/www.groupe-ora.com\/fr\/nos-engagements\/\",\"url\":\"https:\/\/www.groupe-ora.com\/fr\/nos-engagements\/\",\"name\":\"Nos engagements - ELBA becomes ORA Group\",\"isPartOf\":{\"@id\":\"https:\/\/www.groupe-ora.com\/#website\"},\"datePublished\":\"2024-05-16T06:29:28+00:00\",\"dateModified\":\"2026-03-16T14:45:18+00:00\",\"description\":\"Ensemble, ouvrons la voie \u00e0 de nouveaux mod\u00e8les avant-gardistes et responsables. D\u00e9couvrez nos certifications et nos engagements en mati\u00e8re de commerce \u00e9quitable.\",\"breadcrumb\":{\"@id\":\"https:\/\/www.groupe-ora.com\/fr\/nos-engagements\/#breadcrumb\"},\"inLanguage\":\"fr-FR\",\"potentialAction\":[{\"@type\":\"ReadAction\",\"target\":[\"https:\/\/www.groupe-ora.com\/fr\/nos-engagements\/\"]}]},{\"@type\":\"BreadcrumbList\",\"@id\":\"https:\/\/www.groupe-ora.com\/fr\/nos-engagements\/#breadcrumb\",\"itemListElement\":[{\"@type\":\"ListItem\",\"position\":1,\"name\":\"Home\",\"item\":\"https:\/\/www.groupe-ora.com\/fr\/\"},{\"@type\":\"ListItem\",\"position\":2,\"name\":\"Nos engagements\"}]},{\"@type\":\"WebSite\",\"@id\":\"https:\/\/www.groupe-ora.com\/#website\",\"url\":\"https:\/\/www.groupe-ora.com\/\",\"name\":\"ELBA becomes ORA Group\",\"description\":\"Experience Design Expert:retail-product-content\",\"publisher\":{\"@id\":\"https:\/\/www.groupe-ora.com\/#organization\"},\"potentialAction\":[{\"@type\":\"SearchAction\",\"target\":{\"@type\":\"EntryPoint\",\"urlTemplate\":\"https:\/\/www.groupe-ora.com\/?s={search_term_string}\"},\"query-input\":{\"@type\":\"PropertyValueSpecification\",\"valueRequired\":true,\"valueName\":\"search_term_string\"}}],\"inLanguage\":\"fr-FR\"},{\"@type\":\"Organization\",\"@id\":\"https:\/\/www.groupe-ora.com\/#organization\",\"name\":\"ELBA becomes ORA Group\",\"alternateName\":\"ORA\",\"url\":\"https:\/\/www.groupe-ora.com\/\",\"logo\":{\"@type\":\"ImageObject\",\"inLanguage\":\"fr-FR\",\"@id\":\"https:\/\/www.groupe-ora.com\/#\/schema\/logo\/image\/\",\"url\":\"https:\/\/www.groupe-ora.com\/app\/uploads\/2024\/10\/ora-logo-group.jpg\",\"contentUrl\":\"https:\/\/www.groupe-ora.com\/app\/uploads\/2024\/10\/ora-logo-group.jpg\",\"width\":696,\"height\":696,\"caption\":\"ELBA becomes ORA Group\"},\"image\":{\"@id\":\"https:\/\/www.groupe-ora.com\/#\/schema\/logo\/image\/\"}}]}<\/script>\n<!-- \/ Yoast SEO plugin. -->","yoast_head_json":{"title":"Nos engagements - ELBA becomes ORA Group","description":"Ensemble, ouvrons la voie \u00e0 de nouveaux mod\u00e8les avant-gardistes et responsables. D\u00e9couvrez nos certifications et nos engagements en mati\u00e8re de commerce \u00e9quitable.","robots":{"index":"index","follow":"follow","max-snippet":"max-snippet:-1","max-image-preview":"max-image-preview:large","max-video-preview":"max-video-preview:-1"},"canonical":"https:\/\/www.groupe-ora.com\/fr\/nos-engagements\/","og_locale":"fr_FR","og_type":"article","og_title":"Nos engagements - ELBA becomes ORA Group","og_description":"Ensemble, ouvrons la voie \u00e0 de nouveaux mod\u00e8les avant-gardistes et responsables. D\u00e9couvrez nos certifications et nos engagements en mati\u00e8re de commerce \u00e9quitable.","og_url":"https:\/\/www.groupe-ora.com\/fr\/nos-engagements\/","og_site_name":"ELBA becomes ORA Group","article_modified_time":"2026-03-16T14:45:18+00:00","og_image":[{"width":1200,"height":657,"url":"https:\/\/www.groupe-ora.com\/app\/uploads\/2024\/10\/ora-logo.jpg","type":"image\/jpeg"}],"twitter_card":"summary_large_image","schema":{"@context":"https:\/\/schema.org","@graph":[{"@type":"WebPage","@id":"https:\/\/www.groupe-ora.com\/fr\/nos-engagements\/","url":"https:\/\/www.groupe-ora.com\/fr\/nos-engagements\/","name":"Nos engagements - ELBA becomes ORA Group","isPartOf":{"@id":"https:\/\/www.groupe-ora.com\/#website"},"datePublished":"2024-05-16T06:29:28+00:00","dateModified":"2026-03-16T14:45:18+00:00","description":"Ensemble, ouvrons la voie \u00e0 de nouveaux mod\u00e8les avant-gardistes et responsables. D\u00e9couvrez nos certifications et nos engagements en mati\u00e8re de commerce \u00e9quitable.","breadcrumb":{"@id":"https:\/\/www.groupe-ora.com\/fr\/nos-engagements\/#breadcrumb"},"inLanguage":"fr-FR","potentialAction":[{"@type":"ReadAction","target":["https:\/\/www.groupe-ora.com\/fr\/nos-engagements\/"]}]},{"@type":"BreadcrumbList","@id":"https:\/\/www.groupe-ora.com\/fr\/nos-engagements\/#breadcrumb","itemListElement":[{"@type":"ListItem","position":1,"name":"Home","item":"https:\/\/www.groupe-ora.com\/fr\/"},{"@type":"ListItem","position":2,"name":"Nos engagements"}]},{"@type":"WebSite","@id":"https:\/\/www.groupe-ora.com\/#website","url":"https:\/\/www.groupe-ora.com\/","name":"ELBA becomes ORA Group","description":"Experience Design Expert:retail-product-content","publisher":{"@id":"https:\/\/www.groupe-ora.com\/#organization"},"potentialAction":[{"@type":"SearchAction","target":{"@type":"EntryPoint","urlTemplate":"https:\/\/www.groupe-ora.com\/?s={search_term_string}"},"query-input":{"@type":"PropertyValueSpecification","valueRequired":true,"valueName":"search_term_string"}}],"inLanguage":"fr-FR"},{"@type":"Organization","@id":"https:\/\/www.groupe-ora.com\/#organization","name":"ELBA becomes ORA Group","alternateName":"ORA","url":"https:\/\/www.groupe-ora.com\/","logo":{"@type":"ImageObject","inLanguage":"fr-FR","@id":"https:\/\/www.groupe-ora.com\/#\/schema\/logo\/image\/","url":"https:\/\/www.groupe-ora.com\/app\/uploads\/2024\/10\/ora-logo-group.jpg","contentUrl":"https:\/\/www.groupe-ora.com\/app\/uploads\/2024\/10\/ora-logo-group.jpg","width":696,"height":696,"caption":"ELBA becomes ORA Group"},"image":{"@id":"https:\/\/www.groupe-ora.com\/#\/schema\/logo\/image\/"}}]}},"_links":{"self":[{"href":"https:\/\/www.groupe-ora.com\/fr\/wp-json\/wp\/v2\/pages\/2062"}],"collection":[{"href":"https:\/\/www.groupe-ora.com\/fr\/wp-json\/wp\/v2\/pages"}],"about":[{"href":"https:\/\/www.groupe-ora.com\/fr\/wp-json\/wp\/v2\/types\/page"}],"author":[{"embeddable":true,"href":"https:\/\/www.groupe-ora.com\/fr\/wp-json\/wp\/v2\/users\/1"}],"replies":[{"embeddable":true,"href":"https:\/\/www.groupe-ora.com\/fr\/wp-json\/wp\/v2\/comments?post=2062"}],"version-history":[{"count":35,"href":"https:\/\/www.groupe-ora.com\/fr\/wp-json\/wp\/v2\/pages\/2062\/revisions"}],"predecessor-version":[{"id":2751,"href":"https:\/\/www.groupe-ora.com\/fr\/wp-json\/wp\/v2\/pages\/2062\/revisions\/2751"}],"wp:attachment":[{"href":"https:\/\/www.groupe-ora.com\/fr\/wp-json\/wp\/v2\/media?parent=2062"}],"curies":[{"name":"wp","href":"https:\/\/api.w.org\/{rel}","templated":true}]}}